{"id":11968,"date":"2021-03-24T14:51:35","date_gmt":"2021-03-24T17:51:35","guid":{"rendered":"https:\/\/padraocontabil.com.br\/?page_id=11968"},"modified":"2021-03-24T15:32:29","modified_gmt":"2021-03-24T18:32:29","slug":"sobre-nos","status":"publish","type":"page","link":"https:\/\/padraocontabil.com.br\/?page_id=11968","title":{"rendered":"Sobre n\u00f3s"},"content":{"rendered":"\t\t<div data-elementor-type=\"wp-page\" data-elementor-id=\"11968\" class=\"elementor elementor-11968\">\n\t\t\t\t\t\t\t\t\t<section class=\"elementor-section elementor-top-section elementor-element elementor-element-3e734b3 elementor-section-stretched elementor-section-height-min-height elementor-section-boxed elementor-section-height-default elementor-section-items-middle\" data-id=\"3e734b3\" data-element_type=\"section\" data-settings=\"{&quot;stretch_section&quot;:&quot;section-stretched&quot;,&quot;background_background&quot;:&quot;classic&quot;,&quot;shape_divider_bottom&quot;:&quot;triangle&quot;,&quot;shape_divider_bottom_negative&quot;:&quot;yes&quot;}\">\n\t\t\t\t\t<div class=\"elementor-shape elementor-shape-bottom\" data-negative=\"true\">\n\t\t\t<svg xmlns=\"http:\/\/www.w3.org\/2000\/svg\" viewBox=\"0 0 1000 100\" preserveAspectRatio=\"none\">\n\t<path class=\"elementor-shape-fill\" d=\"M500.2,94.7L0,0v100h1000V0L500.2,94.7z\"\/>\n<\/svg>\t\t<\/div>\n\t\t\t\t\t<div class=\"elementor-container elementor-column-gap-default\">\n\t\t\t\t\t<div class=\"elementor-column elementor-col-100 elementor-top-column elementor-element elementor-element-45ff9bc\" data-id=\"45ff9bc\" data-element_type=\"column\">\n\t\t\t<div class=\"elementor-widget-wrap elementor-element-populated\">\n\t\t\t\t\t\t\t\t<div class=\"elementor-element elementor-element-c1548b7 elementor-widget elementor-widget-heading\" data-id=\"c1548b7\" data-element_type=\"widget\" data-widget_type=\"heading.default\">\n\t\t\t\t<div class=\"elementor-widget-container\">\n\t\t\t<h2 class=\"elementor-heading-title elementor-size-default\">SOBRE N\u00d3S<\/h2>\t\t<\/div>\n\t\t\t\t<\/div>\n\t\t\t\t<div class=\"elementor-element elementor-element-7b785df elementor-widget elementor-widget-text-editor\" data-id=\"7b785df\" data-element_type=\"widget\" data-widget_type=\"text-editor.default\">\n\t\t\t\t<div class=\"elementor-widget-container\">\n\t\t\t\t\t\t\t<p>A\u00a0<strong class=\"rich-text-content\">PADR\u00c3O CONTABILIDADE<\/strong>\u00a0\u00e9 um escrit\u00f3rio de contabilidade situado em Novo Hamburgo\/RS, com mais de 26\u00a0anos de atua\u00e7\u00e3o no mercado, especializada nas \u00e1reas cont\u00e1bil, fiscal, trabalhista, previdenci\u00e1ria e financeira. Ao longo de sua trajet\u00f3ria, a PADR\u00c3O CONTABILIDADE expandiu juntamente com os seus clientes, sempre prezando pela excel\u00eancia na presta\u00e7\u00e3o de seus servi\u00e7os e conquistando a satisfa\u00e7\u00e3o e confian\u00e7a de todos eles.<br class=\"rich-text-content\" \/><br class=\"rich-text-content\" \/>Possuindo uma equipe t\u00e9cnica qualificada e apta para solucionar as necessidades da sua empresa al\u00e9m de contar com uma \u00f3tima estrutura f\u00edsica para atend\u00ea-lo de forma personalizada, oferecendo as melhores solu\u00e7\u00f5es cont\u00e1beis com agilidade e efici\u00eancia, para que voc\u00ea se preocupe com o que realmente lhe interessa: Que \u00e9 o seu neg\u00f3cio.<\/p>\t\t\t\t\t\t<\/div>\n\t\t\t\t<\/div>\n\t\t\t\t\t<\/div>\n\t\t<\/div>\n\t\t\t\t\t\t\t<\/div>\n\t\t<\/section>\n\t\t\t\t<section class=\"elementor-section elementor-top-section elementor-element elementor-element-a704ae2 elementor-section-content-middle elementor-section-boxed elementor-section-height-default elementor-section-height-default\" data-id=\"a704ae2\" data-element_type=\"section\" data-settings=\"{&quot;background_background&quot;:&quot;classic&quot;}\">\n\t\t\t\t\t\t<div class=\"elementor-container elementor-column-gap-default\">\n\t\t\t\t\t<div class=\"elementor-column elementor-col-50 elementor-top-column elementor-element elementor-element-68f8f2b\" data-id=\"68f8f2b\" data-element_type=\"column\">\n\t\t\t<div class=\"elementor-widget-wrap elementor-element-populated\">\n\t\t\t\t\t\t\t\t<div class=\"elementor-element elementor-element-782b3f7 elementor-widget elementor-widget-heading\" data-id=\"782b3f7\" data-element_type=\"widget\" data-widget_type=\"heading.default\">\n\t\t\t\t<div class=\"elementor-widget-container\">\n\t\t\t<h3 class=\"elementor-heading-title elementor-size-large\">VIS\u00c3O<\/h3>\t\t<\/div>\n\t\t\t\t<\/div>\n\t\t\t\t<div class=\"elementor-element elementor-element-b3a1734 elementor-widget elementor-widget-text-editor\" data-id=\"b3a1734\" data-element_type=\"widget\" data-widget_type=\"text-editor.default\">\n\t\t\t\t<div class=\"elementor-widget-container\">\n\t\t\t\t\t\t\t<div id=\"texto-editavel_52402\" class=\"rich-text\"><div class=\"rich-text-content\"><p>Com responsabilidade, transpar\u00eancia e \u00e9tica buscamos a excel\u00eancia na nossa presta\u00e7\u00e3o de servi\u00e7os cont\u00e1beis e assessoria empresarial, garantindo bons resultados e constante desenvolvimento junto aos clientes\u00a0 \u00a0 \u00a0 \u00a0 \u00a0 \u00a0 \u00a0 \u00a0 \u00a0 \u00a0 \u00a0 \u00a0 \u00a0 \u00a0 \u00a0 \u00a0 \u00a0 \u00a0 \u00a0 \u00a0 \u00a0 \u00a0 \u00a0 \u00a0 \u00a0 \u00a0 \u00a0 \u00a0 \u00a0 \u00a0 \u00a0 \u00a0 \u00a0 \u00a0 \u00a0 \u00a0 \u00a0 \u00a0 \u00a0 \u00a0 \u00a0 \u00a0 \u00a0 \u00a0 \u00a0 \u00a0 \u00a0 \u00a0 \u00a0 \u00a0 \u00a0 \u00a0 \u00a0 \u00a0 \u00a0 \u00a0 \u00a0 \u00a0 \u00a0 \u00a0 \u00a0 \u00a0 \u00a0 \u00a0 \u00a0 \u00a0 \u00a0 \u00a0 \u00a0 \u00a0 \u00a0 \u00a0 \u00a0 \u00a0 \u00a0 \u00a0 \u00a0 \u00a0 \u00a0 \u00a0 \u00a0 \u00a0 \u00a0 \u00a0 \u00a0 \u00a0 \u00a0 \u00a0 \u00a0 \u00a0 \u00a0 \u00a0 \u00a0 \u00a0 \u00a0 \u00a0 \u00a0 \u00a0 \u00a0<\/p><\/div><\/div>\t\t\t\t\t\t<\/div>\n\t\t\t\t<\/div>\n\t\t\t\t\t<\/div>\n\t\t<\/div>\n\t\t\t\t<div class=\"elementor-column elementor-col-50 elementor-top-column elementor-element elementor-element-8582ac8\" data-id=\"8582ac8\" data-element_type=\"column\">\n\t\t\t<div class=\"elementor-widget-wrap elementor-element-populated\">\n\t\t\t\t\t\t\t\t<div class=\"elementor-element elementor-element-7a412d76 elementor-widget elementor-widget-heading\" data-id=\"7a412d76\" data-element_type=\"widget\" data-widget_type=\"heading.default\">\n\t\t\t\t<div class=\"elementor-widget-container\">\n\t\t\t<h3 class=\"elementor-heading-title elementor-size-large\">Metas<\/h3>\t\t<\/div>\n\t\t\t\t<\/div>\n\t\t\t\t<div class=\"elementor-element elementor-element-31b197c9 elementor-widget elementor-widget-text-editor\" data-id=\"31b197c9\" data-element_type=\"widget\" data-widget_type=\"text-editor.default\">\n\t\t\t\t<div class=\"elementor-widget-container\">\n\t\t\t\t\t\t\t<div id=\"texto-editavel_52402\" class=\"rich-text\"><div class=\"rich-text-content\"><p class=\"rich-text-content\"><span class=\"rich-text-content\">Assegurar que os servi\u00e7os sejam realizados nos prazos estabelecidos, dentro de nosso padr\u00e3o de qualidade, oferecendo resultados concretos e solu\u00e7\u00f5es criativas para os problemas. S\u00e3o a base de nosso trabalho, tornando-nos conhecidos e respeitados dentro do mercado, como atestam nossos clientes.<\/span><\/p><\/div><\/div><div id=\"texto-editavel_52403\" class=\"rich-text\"><div class=\"rich-text-content\">\u00a0<\/div><\/div>\t\t\t\t\t\t<\/div>\n\t\t\t\t<\/div>\n\t\t\t\t\t<\/div>\n\t\t<\/div>\n\t\t\t\t\t\t\t<\/div>\n\t\t<\/section>\n\t\t\t\t<section class=\"elementor-section elementor-top-section elementor-element elementor-element-7eae944 elementor-section-content-middle elementor-section-boxed elementor-section-height-default elementor-section-height-default\" data-id=\"7eae944\" data-element_type=\"section\" data-settings=\"{&quot;background_background&quot;:&quot;classic&quot;}\">\n\t\t\t\t\t\t<div class=\"elementor-container elementor-column-gap-default\">\n\t\t\t\t\t<div class=\"elementor-column elementor-col-100 elementor-top-column elementor-element elementor-element-6640fbb\" data-id=\"6640fbb\" data-element_type=\"column\">\n\t\t\t<div class=\"elementor-widget-wrap elementor-element-populated\">\n\t\t\t\t\t\t\t\t<section class=\"elementor-section elementor-inner-section elementor-element elementor-element-7f9e6a1a elementor-section-boxed elementor-section-height-default elementor-section-height-default\" data-id=\"7f9e6a1a\" data-element_type=\"section\">\n\t\t\t\t\t\t<div class=\"elementor-container elementor-column-gap-default\">\n\t\t\t\t\t<div class=\"elementor-column elementor-col-100 elementor-inner-column elementor-element elementor-element-70e6e809\" data-id=\"70e6e809\" data-element_type=\"column\">\n\t\t\t<div class=\"elementor-widget-wrap elementor-element-populated\">\n\t\t\t\t\t\t\t\t<div class=\"elementor-element elementor-element-6ac79e34 elementor-widget elementor-widget-heading\" data-id=\"6ac79e34\" data-element_type=\"widget\" data-widget_type=\"heading.default\">\n\t\t\t\t<div class=\"elementor-widget-container\">\n\t\t\t<h3 class=\"elementor-heading-title elementor-size-large\">Sistemas<\/h3>\t\t<\/div>\n\t\t\t\t<\/div>\n\t\t\t\t<div class=\"elementor-element elementor-element-1c7834de elementor-widget elementor-widget-text-editor\" data-id=\"1c7834de\" data-element_type=\"widget\" data-widget_type=\"text-editor.default\">\n\t\t\t\t<div class=\"elementor-widget-container\">\n\t\t\t\t\t\t\t<section id=\"area_17381\"><div id=\"texto-editavel_52404\" class=\"rich-text\"><div class=\"rich-text-content\"><p class=\"rich-text-content\"><span class=\"rich-text-content\">Possu\u00edmos um excelente sistema em banco de dados moderno e inteligente, capaz de gerenciar todas as informa\u00e7\u00f5es, com m\u00f3dulos totalmente integrados, oferecendo mais efici\u00eancia e facilidade na realiza\u00e7\u00e3o dos trabalhos di\u00e1rios, possibilitando automatizar, gerenciar e organizar todos os procedimentos cont\u00e1beis, fiscais e pessoais, desde a abertura at\u00e9 o fechamento de uma empresa, proporcionando mais produtividade e qualidade ao servi\u00e7o prestado.<\/span><\/p><\/div><\/div><\/section><footer id=\"area_17362\"><\/footer>\t\t\t\t\t\t<\/div>\n\t\t\t\t<\/div>\n\t\t\t\t\t<\/div>\n\t\t<\/div>\n\t\t\t\t\t\t\t<\/div>\n\t\t<\/section>\n\t\t\t\t<div class=\"elementor-element elementor-element-7aef4ec6 elementor-widget-divider--view-line elementor-widget elementor-widget-divider\" data-id=\"7aef4ec6\" data-element_type=\"widget\" data-widget_type=\"divider.default\">\n\t\t\t\t<div class=\"elementor-widget-container\">\n\t\t\t\t\t<div class=\"elementor-divider\">\n\t\t\t<span class=\"elementor-divider-separator\">\n\t\t\t\t\t\t<\/span>\n\t\t<\/div>\n\t\t\t\t<\/div>\n\t\t\t\t<\/div>\n\t\t\t\t\t<\/div>\n\t\t<\/div>\n\t\t\t\t\t\t\t<\/div>\n\t\t<\/section>\n\t\t\t\t\t\t\t<\/div>\n\t\t","protected":false},"excerpt":{"rendered":"<p>SOBRE N\u00d3S A\u00a0PADR\u00c3O CONTABILIDADE\u00a0\u00e9 um escrit\u00f3rio de contabilidade situado em Novo Hamburgo\/RS, com mais de 26\u00a0anos de atua\u00e7\u00e3o no mercado, especializada nas \u00e1reas cont\u00e1bil, fiscal, trabalhista, previdenci\u00e1ria e financeira. Ao longo de sua trajet\u00f3ria, a PADR\u00c3O CONTABILIDADE expandiu juntamente com os seus clientes, sempre prezando pela excel\u00eancia na presta\u00e7\u00e3o de seus servi\u00e7os e conquistando a satisfa\u00e7\u00e3o e confian\u00e7a de todos eles. Possuindo uma equipe t\u00e9cnica qualificada e apta para solucionar as necessidades da sua empresa al\u00e9m de contar com uma \u00f3tima estrutura f\u00edsica para atend\u00ea-lo de forma personalizada, oferecendo as melhores solu\u00e7\u00f5es cont\u00e1beis com agilidade e efici\u00eancia, para que voc\u00ea se preocupe com o que realmente lhe interessa: Que \u00e9 o seu neg\u00f3cio. VIS\u00c3O Com responsabilidade, transpar\u00eancia e \u00e9tica buscamos a excel\u00eancia na nossa presta\u00e7\u00e3o de servi\u00e7os cont\u00e1beis e assessoria empresarial, garantindo bons resultados e constante desenvolvimento junto aos clientes\u00a0 \u00a0 \u00a0 \u00a0 \u00a0 \u00a0 \u00a0 \u00a0 \u00a0 \u00a0 \u00a0&hellip;<\/p>\n<p> <a class=\"more-link\" href=\"https:\/\/padraocontabil.com.br\/?page_id=11968\">Leia mais<\/a><\/p>\n","protected":false},"author":1,"featured_media":0,"parent":0,"menu_order":0,"comment_status":"closed","ping_status":"closed","template":"","meta":{"footnotes":"","_joinchat":[]},"_links":{"self":[{"href":"https:\/\/padraocontabil.com.br\/index.php?rest_route=\/wp\/v2\/pages\/11968"}],"collection":[{"href":"https:\/\/padraocontabil.com.br\/index.php?rest_route=\/wp\/v2\/pages"}],"about":[{"href":"https:\/\/padraocontabil.com.br\/index.php?rest_route=\/wp\/v2\/types\/page"}],"author":[{"embeddable":true,"href":"https:\/\/padraocontabil.com.br\/index.php?rest_route=\/wp\/v2\/users\/1"}],"replies":[{"embeddable":true,"href":"https:\/\/padraocontabil.com.br\/index.php?rest_route=%2Fwp%2Fv2%2Fcomments&post=11968"}],"version-history":[{"count":28,"href":"https:\/\/padraocontabil.com.br\/index.php?rest_route=\/wp\/v2\/pages\/11968\/revisions"}],"predecessor-version":[{"id":12019,"href":"https:\/\/padraocontabil.com.br\/index.php?rest_route=\/wp\/v2\/pages\/11968\/revisions\/12019"}],"wp:attachment":[{"href":"https:\/\/padraocontabil.com.br\/index.php?rest_route=%2Fwp%2Fv2%2Fmedia&parent=11968"}],"curies":[{"name":"wp","href":"https:\/\/api.w.org\/{rel}","templated":true}]}}